{"id":583,"date":"2025-04-22T19:47:34","date_gmt":"2025-04-22T17:47:34","guid":{"rendered":"https:\/\/rp.pleeg-staging.de\/?page_id=583"},"modified":"2025-09-29T16:21:27","modified_gmt":"2025-09-29T14:21:27","slug":"karriere","status":"publish","type":"page","link":"https:\/\/rp.pleeg-staging.de\/eng\/karriere\/","title":{"rendered":"Career"},"content":{"rendered":"\t\t<div data-elementor-type=\"wp-page\" data-elementor-id=\"583\" class=\"elementor elementor-583\" data-elementor-post-type=\"page\">\n\t\t\t\t<div class=\"elementor-element elementor-element-2fb19e1 e-flex e-con-boxed e-con e-parent\" data-id=\"2fb19e1\" data-element_type=\"container\" data-e-type=\"container\">\n\t\t\t\t\t<div class=\"e-con-inner\">\n\t\t\t\t<div class=\"elementor-element elementor-element-f85134d elementor-widget elementor-widget-heading\" data-id=\"f85134d\" data-element_type=\"widget\" data-e-type=\"widget\" data-widget_type=\"heading.default\">\n\t\t\t\t<div class=\"elementor-widget-container\">\n\t\t\t\t\t<h1 class=\"elementor-heading-title elementor-size-default\">Deine <span class=\"blauer-text\">Karriere<\/span> bei Regpit<\/h1>\t\t\t\t<\/div>\n\t\t\t\t<\/div>\n\t\t\t\t<div class=\"elementor-element elementor-element-fbea8b7 elementor-widget__width-initial elementor-widget elementor-widget-text-editor\" data-id=\"fbea8b7\" data-element_type=\"widget\" data-e-type=\"widget\" data-widget_type=\"text-editor.default\">\n\t\t\t\t<div class=\"elementor-widget-container\">\n\t\t\t\t\t\t\t\t\t<p>Wachse mit uns in einem dynamischen RegTech-Startup \u2013 mit Verantwortung, Flexibilit\u00e4t und echtem Impact.<\/p>\t\t\t\t\t\t\t\t<\/div>\n\t\t\t\t<\/div>\n\t\t\t\t<div class=\"elementor-element elementor-element-a1f4434 elementor-widget elementor-widget-spacer\" data-id=\"a1f4434\" data-element_type=\"widget\" data-e-type=\"widget\" data-widget_type=\"spacer.default\">\n\t\t\t\t<div class=\"elementor-widget-container\">\n\t\t\t\t\t\t\t<div class=\"elementor-spacer\">\n\t\t\t<div class=\"elementor-spacer-inner\"><\/div>\n\t\t<\/div>\n\t\t\t\t\t\t<\/div>\n\t\t\t\t<\/div>\n\t\t<div class=\"elementor-element elementor-element-6fc43c6 e-con-full e-flex e-con e-child\" data-id=\"6fc43c6\" data-element_type=\"container\" data-e-type=\"container\" data-settings=\"{&quot;background_background&quot;:&quot;classic&quot;}\">\n\t\t\t\t<div class=\"elementor-element elementor-element-b83cf0e elementor-widget elementor-widget-image\" data-id=\"b83cf0e\" data-element_type=\"widget\" data-e-type=\"widget\" data-widget_type=\"image.default\">\n\t\t\t\t<div class=\"elementor-widget-container\">\n\t\t\t\t\t\t\t\t\t\t\t\t\t\t\t<img fetchpriority=\"high\" decoding=\"async\" width=\"2048\" height=\"1281\" src=\"https:\/\/rp.pleeg-staging.de\/wp-content\/uploads\/2025\/06\/240905-Regpit_10055B-1-2048x1281.jpg\" class=\"attachment-2048x2048 size-2048x2048 wp-image-2181\" alt=\"- -\" srcset=\"https:\/\/rp.pleeg-staging.de\/wp-content\/uploads\/2025\/06\/240905-Regpit_10055B-1-2048x1281.jpg 2048w, https:\/\/rp.pleeg-staging.de\/wp-content\/uploads\/2025\/06\/240905-Regpit_10055B-1-300x188.jpg 300w, https:\/\/rp.pleeg-staging.de\/wp-content\/uploads\/2025\/06\/240905-Regpit_10055B-1-1024x641.jpg 1024w, https:\/\/rp.pleeg-staging.de\/wp-content\/uploads\/2025\/06\/240905-Regpit_10055B-1-768x480.jpg 768w, https:\/\/rp.pleeg-staging.de\/wp-content\/uploads\/2025\/06\/240905-Regpit_10055B-1-1536x961.jpg 1536w\" sizes=\"(max-width: 2048px) 100vw, 2048px\">\t\t\t\t\t\t\t\t\t\t\t\t\t\t\t<\/div>\n\t\t\t\t<\/div>\n\t\t\t\t<\/div>\n\t\t\t\t\t<\/div>\n\t\t\t\t<\/div>\n\t\t<div class=\"elementor-element elementor-element-0c6b4de e-flex e-con-boxed e-con e-parent\" data-id=\"0c6b4de\" data-element_type=\"container\" data-e-type=\"container\" data-settings=\"{&quot;background_background&quot;:&quot;classic&quot;}\">\n\t\t\t\t\t<div class=\"e-con-inner\">\n\t\t<div class=\"elementor-element elementor-element-cb94cf1 e-flex e-con-boxed e-con e-child\" data-id=\"cb94cf1\" data-element_type=\"container\" data-e-type=\"container\">\n\t\t\t\t\t<div class=\"e-con-inner\">\n\t\t<div class=\"elementor-element elementor-element-9f0f800 e-con-full e-flex e-con e-child\" data-id=\"9f0f800\" data-element_type=\"container\" data-e-type=\"container\">\n\t\t\t\t<div class=\"elementor-element elementor-element-b207fe1 elementor-widget elementor-widget-heading\" data-id=\"b207fe1\" data-element_type=\"widget\" data-e-type=\"widget\" data-widget_type=\"heading.default\">\n\t\t\t\t<div class=\"elementor-widget-container\">\n\t\t\t\t\t<h2 class=\"elementor-heading-title elementor-size-default\">Bereit f\u00fcr eine <span class=\"blauer-text\">Herausforderung<\/span>?<\/h2>\t\t\t\t<\/div>\n\t\t\t\t<\/div>\n\t\t\t\t<div class=\"elementor-element elementor-element-a0d4d31 elementor-widget elementor-widget-text-editor\" data-id=\"a0d4d31\" data-element_type=\"widget\" data-e-type=\"widget\" data-widget_type=\"text-editor.default\">\n\t\t\t\t<div class=\"elementor-widget-container\">\n\t\t\t\t\t\t\t\t\t<p><strong>Wir gestalten die Zukunft der Geldw\u00e4schepr\u00e4vention!<\/strong><\/p><p>Regpit ist ein RegTech-Unternehmen mit klarer Mission: Unternehmen in Europa vor Kriminalit\u00e4t, Terrorfinanzierung und regulatorischen Risiken zu sch\u00fctzen.<\/p><p>Unsere modulare All-in-One-Plattform vereint AML-Expertise mit innovativer Technologie \u2013 f\u00fcr rechtskonforme, skalierbare und smarte Compliance-L\u00f6sungen.<\/p>\t\t\t\t\t\t\t\t<\/div>\n\t\t\t\t<\/div>\n\t\t\t\t<\/div>\n\t\t<div class=\"elementor-element elementor-element-ba8e06f e-con-full e-flex e-con e-child\" data-id=\"ba8e06f\" data-element_type=\"container\" data-e-type=\"container\">\n\t\t\t\t<div class=\"elementor-element elementor-element-239d5aa elementor-widget elementor-widget-image\" data-id=\"239d5aa\" data-element_type=\"widget\" data-e-type=\"widget\" data-widget_type=\"image.default\">\n\t\t\t\t<div class=\"elementor-widget-container\">\n\t\t\t\t\t\t\t\t\t\t\t\t\t\t\t<img decoding=\"async\" width=\"800\" height=\"534\" src=\"https:\/\/rp.pleeg-staging.de\/wp-content\/uploads\/2025\/06\/240905-Regpit_10102-1024x683.jpg\" class=\"attachment-large size-large wp-image-1979\" alt=\"- -\" srcset=\"https:\/\/rp.pleeg-staging.de\/wp-content\/uploads\/2025\/06\/240905-Regpit_10102-1024x683.jpg 1024w, https:\/\/rp.pleeg-staging.de\/wp-content\/uploads\/2025\/06\/240905-Regpit_10102-300x200.jpg 300w, https:\/\/rp.pleeg-staging.de\/wp-content\/uploads\/2025\/06\/240905-Regpit_10102-768x512.jpg 768w, https:\/\/rp.pleeg-staging.de\/wp-content\/uploads\/2025\/06\/240905-Regpit_10102-1536x1025.jpg 1536w, https:\/\/rp.pleeg-staging.de\/wp-content\/uploads\/2025\/06\/240905-Regpit_10102.jpg 2000w\" sizes=\"(max-width: 800px) 100vw, 800px\">\t\t\t\t\t\t\t\t\t\t\t\t\t\t\t<\/div>\n\t\t\t\t<\/div>\n\t\t\t\t<\/div>\n\t\t\t\t\t<\/div>\n\t\t\t\t<\/div>\n\t\t\t\t\t<\/div>\n\t\t\t\t<\/div>\n\t\t<div class=\"elementor-element elementor-element-7ad4211 e-flex e-con-boxed e-con e-parent\" data-id=\"7ad4211\" data-element_type=\"container\" data-e-type=\"container\" data-settings=\"{&quot;background_background&quot;:&quot;classic&quot;}\">\n\t\t\t\t\t<div class=\"e-con-inner\">\n\t\t<div class=\"elementor-element elementor-element-3003e9f e-con-full e-flex e-con e-child\" data-id=\"3003e9f\" data-element_type=\"container\" data-e-type=\"container\">\n\t\t\t\t<div class=\"elementor-element elementor-element-60fc0e5 elementor-widget elementor-widget-heading\" data-id=\"60fc0e5\" data-element_type=\"widget\" data-e-type=\"widget\" data-widget_type=\"heading.default\">\n\t\t\t\t<div class=\"elementor-widget-container\">\n\t\t\t\t\t<h2 class=\"elementor-heading-title elementor-size-default\">Deine <span class=\"blauer-text\">\nBenefits<\/span> bei Regpit<\/h2>\t\t\t\t<\/div>\n\t\t\t\t<\/div>\n\t\t\t\t<\/div>\n\t\t<div class=\"elementor-element elementor-element-af2c9df e-con-full e-grid e-con e-child\" data-id=\"af2c9df\" data-element_type=\"container\" data-e-type=\"container\">\n\t\t<div class=\"elementor-element elementor-element-da078c2 e-con-full e-flex e-con e-child\" data-id=\"da078c2\" data-element_type=\"container\" data-e-type=\"container\">\n\t\t\t\t<div class=\"elementor-element elementor-element-d3dfed4 elementor-view-default elementor-widget elementor-widget-icon\" data-id=\"d3dfed4\" data-element_type=\"widget\" data-e-type=\"widget\" data-widget_type=\"icon.default\">\n\t\t\t\t<div class=\"elementor-widget-container\">\n\t\t\t\t\t\t\t<div class=\"elementor-icon-wrapper\">\n\t\t\t<div class=\"elementor-icon\">\n\t\t\t<svg xmlns=\"http:\/\/www.w3.org\/2000\/svg\" fill=\"none\" viewBox=\"0 0 16 16\"><path stroke=\"#000\" stroke-width=\"1.5\" d=\"M1.75 1.75h7.5v12.5h-7.5zM14.25 8.554v5.696h-5V7.015z\"><\/path><path fill=\"#000\" d=\"M4 4H7V5.5H4z\"><\/path><path fill=\"#000\" d=\"M4 7H7V8.5H4z\"><\/path><\/svg>\t\t\t<\/div>\n\t\t<\/div>\n\t\t\t\t\t\t<\/div>\n\t\t\t\t<\/div>\n\t\t\t\t<div class=\"elementor-element elementor-element-ee8149c elementor-widget elementor-widget-heading\" data-id=\"ee8149c\" data-element_type=\"widget\" data-e-type=\"widget\" data-widget_type=\"heading.default\">\n\t\t\t\t<div class=\"elementor-widget-container\">\n\t\t\t\t\t<p class=\"elementor-heading-title elementor-size-default\">Modernes Office in Berlin-Mitte<\/p>\t\t\t\t<\/div>\n\t\t\t\t<\/div>\n\t\t\t\t<div class=\"elementor-element elementor-element-7bd5bc8 elementor-widget elementor-widget-text-editor\" data-id=\"7bd5bc8\" data-element_type=\"widget\" data-e-type=\"widget\" data-widget_type=\"text-editor.default\">\n\t\t\t\t<div class=\"elementor-widget-container\">\n\t\t\t\t\t\t\t\t\t<p>Das Regit Office ist zentral gelegen, mit Blick auf den Gendarmenmarkt und guter Anbindung an den OPNV.<\/p>\t\t\t\t\t\t\t\t<\/div>\n\t\t\t\t<\/div>\n\t\t\t\t<\/div>\n\t\t<div class=\"elementor-element elementor-element-329adf4 e-con-full e-flex e-con e-child\" data-id=\"329adf4\" data-element_type=\"container\" data-e-type=\"container\">\n\t\t\t\t<div class=\"elementor-element elementor-element-2999e0c elementor-view-default elementor-widget elementor-widget-icon\" data-id=\"2999e0c\" data-element_type=\"widget\" data-e-type=\"widget\" data-widget_type=\"icon.default\">\n\t\t\t\t<div class=\"elementor-widget-container\">\n\t\t\t\t\t\t\t<div class=\"elementor-icon-wrapper\">\n\t\t\t<div class=\"elementor-icon\">\n\t\t\t<svg xmlns=\"http:\/\/www.w3.org\/2000\/svg\" fill=\"none\" viewBox=\"0 0 20 20\"><rect width=\"4.25\" height=\"9.25\" x=\"7.875\" y=\"2.875\" stroke=\"#000\" stroke-width=\"1.75\" rx=\"2.125\"><\/rect><path stroke=\"#000\" stroke-width=\"1.75\" d=\"M5 8v2a5 5 0 0 0 5 5m5-7v2a5 5 0 0 1-5 5m0 0v2.5\"><\/path><\/svg>\t\t\t<\/div>\n\t\t<\/div>\n\t\t\t\t\t\t<\/div>\n\t\t\t\t<\/div>\n\t\t\t\t<div class=\"elementor-element elementor-element-2478487 elementor-widget elementor-widget-heading\" data-id=\"2478487\" data-element_type=\"widget\" data-e-type=\"widget\" data-widget_type=\"heading.default\">\n\t\t\t\t<div class=\"elementor-widget-container\">\n\t\t\t\t\t<p class=\"elementor-heading-title elementor-size-default\">Wunsch-Hardware &amp; moderne Tools<\/p>\t\t\t\t<\/div>\n\t\t\t\t<\/div>\n\t\t\t\t<div class=\"elementor-element elementor-element-929bab3 elementor-widget elementor-widget-text-editor\" data-id=\"929bab3\" data-element_type=\"widget\" data-e-type=\"widget\" data-widget_type=\"text-editor.default\">\n\t\t\t\t<div class=\"elementor-widget-container\">\n\t\t\t\t\t\t\t\t\t<p>Ob Macbook, oder Windows Laptop \u2013 du arbeitest mit dem Setup, das zu dir passt.<\/p>\t\t\t\t\t\t\t\t<\/div>\n\t\t\t\t<\/div>\n\t\t\t\t<\/div>\n\t\t<div class=\"elementor-element elementor-element-211c772 e-con-full e-flex e-con e-child\" data-id=\"211c772\" data-element_type=\"container\" data-e-type=\"container\">\n\t\t\t\t<div class=\"elementor-element elementor-element-5c8377d elementor-view-default elementor-widget elementor-widget-icon\" data-id=\"5c8377d\" data-element_type=\"widget\" data-e-type=\"widget\" data-widget_type=\"icon.default\">\n\t\t\t\t<div class=\"elementor-widget-container\">\n\t\t\t\t\t\t\t<div class=\"elementor-icon-wrapper\">\n\t\t\t<div class=\"elementor-icon\">\n\t\t\t<svg xmlns=\"http:\/\/www.w3.org\/2000\/svg\" fill=\"none\" viewBox=\"0 0 20 20\"><path fill=\"#000\" fill-rule=\"evenodd\" d=\"M12.5 7.75a1.75 1.75 0 1 0 0-3.5 1.75 1.75 0 0 0 0 3.5m3.39-.875a3.501 3.501 0 0 1-6.78 0H2v-1.75h7.11a3.501 3.501 0 0 1 6.78 0H18v1.75zM9.25 14a1.75 1.75 0 1 1-3.5 0 1.75 1.75 0 0 1 3.5 0m1.64.875a3.501 3.501 0 0 1-6.78 0H2v-1.75h2.11a3.501 3.501 0 0 1 6.78 0H18v1.75z\" clip-rule=\"evenodd\"><\/path><\/svg>\t\t\t<\/div>\n\t\t<\/div>\n\t\t\t\t\t\t<\/div>\n\t\t\t\t<\/div>\n\t\t\t\t<div class=\"elementor-element elementor-element-a2ed27b elementor-widget elementor-widget-heading\" data-id=\"a2ed27b\" data-element_type=\"widget\" data-e-type=\"widget\" data-widget_type=\"heading.default\">\n\t\t\t\t<div class=\"elementor-widget-container\">\n\t\t\t\t\t<p class=\"elementor-heading-title elementor-size-default\">Hybrides Arbeiten &amp; flexible Arbeitszeiten<\/p>\t\t\t\t<\/div>\n\t\t\t\t<\/div>\n\t\t\t\t<div class=\"elementor-element elementor-element-1b91ffc elementor-widget elementor-widget-text-editor\" data-id=\"1b91ffc\" data-element_type=\"widget\" data-e-type=\"widget\" data-widget_type=\"text-editor.default\">\n\t\t\t\t<div class=\"elementor-widget-container\">\n\t\t\t\t\t\t\t\t\t<p>Finde deinen individuellen Rhythmus f\u00fcr deinen perfekten Arbeitsalltag.<\/p>\t\t\t\t\t\t\t\t<\/div>\n\t\t\t\t<\/div>\n\t\t\t\t<\/div>\n\t\t<div class=\"elementor-element elementor-element-0525417 e-con-full e-flex e-con e-child\" data-id=\"0525417\" data-element_type=\"container\" data-e-type=\"container\">\n\t\t\t\t<div class=\"elementor-element elementor-element-7678f6d elementor-view-default elementor-widget elementor-widget-icon\" data-id=\"7678f6d\" data-element_type=\"widget\" data-e-type=\"widget\" data-widget_type=\"icon.default\">\n\t\t\t\t<div class=\"elementor-widget-container\">\n\t\t\t\t\t\t\t<div class=\"elementor-icon-wrapper\">\n\t\t\t<div class=\"elementor-icon\">\n\t\t\t<svg xmlns=\"http:\/\/www.w3.org\/2000\/svg\" fill=\"none\" viewBox=\"0 0 20 20\"><path fill=\"#000\" d=\"M7.568 10.018a2 2 0 0 0 3.864 0l1.449.388a3.5 3.5 0 0 1-6.762 0zM8.5 8a1 1 0 1 1-2 0 1 1 0 0 1 2 0M11.5 9a1 1 0 1 0 0-2 1 1 0 0 0 0 2\"><\/path><path fill=\"#000\" fill-rule=\"evenodd\" d=\"M15.386 14.149a7.5 7.5 0 1 0-1.237 1.237l2.232 2.233 1.238-1.238zM9.5 15.25a5.75 5.75 0 1 0 0-11.5 5.75 5.75 0 0 0 0 11.5\" clip-rule=\"evenodd\"><\/path><\/svg>\t\t\t<\/div>\n\t\t<\/div>\n\t\t\t\t\t\t<\/div>\n\t\t\t\t<\/div>\n\t\t\t\t<div class=\"elementor-element elementor-element-1b5e14d elementor-widget elementor-widget-heading\" data-id=\"1b5e14d\" data-element_type=\"widget\" data-e-type=\"widget\" data-widget_type=\"heading.default\">\n\t\t\t\t<div class=\"elementor-widget-container\">\n\t\t\t\t\t<p class=\"elementor-heading-title elementor-size-default\">Flache Hierarchien &amp; direkte Kommunikation<\/p>\t\t\t\t<\/div>\n\t\t\t\t<\/div>\n\t\t\t\t<div class=\"elementor-element elementor-element-17a12ef elementor-widget elementor-widget-text-editor\" data-id=\"17a12ef\" data-element_type=\"widget\" data-e-type=\"widget\" data-widget_type=\"text-editor.default\">\n\t\t\t\t<div class=\"elementor-widget-container\">\n\t\t\t\t\t\t\t\t\t<p>Wir entscheiden gemeinsam, nicht von oben herab.<\/p>\t\t\t\t\t\t\t\t<\/div>\n\t\t\t\t<\/div>\n\t\t\t\t<\/div>\n\t\t<div class=\"elementor-element elementor-element-76686ef e-con-full e-flex e-con e-child\" data-id=\"76686ef\" data-element_type=\"container\" data-e-type=\"container\">\n\t\t\t\t<div class=\"elementor-element elementor-element-b7c22ba elementor-view-default elementor-widget elementor-widget-icon\" data-id=\"b7c22ba\" data-element_type=\"widget\" data-e-type=\"widget\" data-widget_type=\"icon.default\">\n\t\t\t\t<div class=\"elementor-widget-container\">\n\t\t\t\t\t\t\t<div class=\"elementor-icon-wrapper\">\n\t\t\t<div class=\"elementor-icon\">\n\t\t\t<svg xmlns=\"http:\/\/www.w3.org\/2000\/svg\" fill=\"none\" viewBox=\"0 0 16 16\"><path fill=\"#000\" fill-rule=\"evenodd\" d=\"M5 6.05a1 1 0 1 0 0-2 1 1 0 0 0 0 2m0 1.5a2.5 2.5 0 1 0 0-5 2.5 2.5 0 0 0 0 5M2.75 12a2.25 2.25 0 0 1 4.5 0v2h1.5v-2a3.75 3.75 0 1 0-7.5 0v2h1.5zM11 9.75c-.41 0-.793.11-1.124.3a5.3 5.3 0 0 0-.751-1.298A3.75 3.75 0 0 1 14.75 12v2h-1.5v-2A2.25 2.25 0 0 0 11 9.75m1-4.7a1 1 0 1 1-2 0 1 1 0 0 1 2 0m1.5 0a2.5 2.5 0 1 1-5 0 2.5 2.5 0 0 1 5 0\" clip-rule=\"evenodd\"><\/path><\/svg>\t\t\t<\/div>\n\t\t<\/div>\n\t\t\t\t\t\t<\/div>\n\t\t\t\t<\/div>\n\t\t\t\t<div class=\"elementor-element elementor-element-6f6d815 elementor-widget elementor-widget-heading\" data-id=\"6f6d815\" data-element_type=\"widget\" data-e-type=\"widget\" data-widget_type=\"heading.default\">\n\t\t\t\t<div class=\"elementor-widget-container\">\n\t\t\t\t\t<p class=\"elementor-heading-title elementor-size-default\">Dynamisches, interdisziplin\u00e4res Team<\/p>\t\t\t\t<\/div>\n\t\t\t\t<\/div>\n\t\t\t\t<div class=\"elementor-element elementor-element-f33fa65 elementor-widget elementor-widget-text-editor\" data-id=\"f33fa65\" data-element_type=\"widget\" data-e-type=\"widget\" data-widget_type=\"text-editor.default\">\n\t\t\t\t<div class=\"elementor-widget-container\">\n\t\t\t\t\t\t\t\t\t<p>Das Regpit Team arbeitet gemeinsam an Zielen und mit starkem Zusammenhalt.<\/p>\t\t\t\t\t\t\t\t<\/div>\n\t\t\t\t<\/div>\n\t\t\t\t<\/div>\n\t\t<div class=\"elementor-element elementor-element-977dde1 e-con-full e-flex e-con e-child\" data-id=\"977dde1\" data-element_type=\"container\" data-e-type=\"container\">\n\t\t\t\t<div class=\"elementor-element elementor-element-e69f770 elementor-view-default elementor-widget elementor-widget-icon\" data-id=\"e69f770\" data-element_type=\"widget\" data-e-type=\"widget\" data-widget_type=\"icon.default\">\n\t\t\t\t<div class=\"elementor-widget-container\">\n\t\t\t\t\t\t\t<div class=\"elementor-icon-wrapper\">\n\t\t\t<div class=\"elementor-icon\">\n\t\t\t<svg xmlns=\"http:\/\/www.w3.org\/2000\/svg\" fill=\"none\" viewBox=\"0 0 16 16\"><path stroke=\"#000\" stroke-width=\"1.5\" d=\"M6 4H3.5c-.7 0-1.05 0-1.317.136a1.25 1.25 0 0 0-.547.547C1.5 4.95 1.5 5.3 1.5 6v5.5c0 .7 0 1.05.136 1.318.12.235.311.426.547.546.267.136.617.136 1.317.136h9c.7 0 1.05 0 1.318-.136a1.25 1.25 0 0 0 .546-.546c.136-.268.136-.618.136-1.318V6c0-.7 0-1.05-.136-1.317a1.25 1.25 0 0 0-.546-.547C13.55 4 13.2 4 12.5 4H10\"><\/path><path fill=\"#000\" stroke=\"#000\" stroke-width=\".8\" d=\"M6.4 8.2a.6.6 0 1 1-1.2 0 .6.6 0 0 1 1.2 0Zm-1.932 2.6A1.2 1.2 0 0 1 5.6 10H6a1.2 1.2 0 0 1 1.132.8z\"><\/path><path stroke=\"#000\" stroke-width=\"1.5\" d=\"M6.5 1.75H9.5V5.25H6.5z\"><\/path><\/svg>\t\t\t<\/div>\n\t\t<\/div>\n\t\t\t\t\t\t<\/div>\n\t\t\t\t<\/div>\n\t\t\t\t<div class=\"elementor-element elementor-element-a9e283b elementor-widget elementor-widget-heading\" data-id=\"a9e283b\" data-element_type=\"widget\" data-e-type=\"widget\" data-widget_type=\"heading.default\">\n\t\t\t\t<div class=\"elementor-widget-container\">\n\t\t\t\t\t<p class=\"elementor-heading-title elementor-size-default\">EGYM Wellpass<\/p>\t\t\t\t<\/div>\n\t\t\t\t<\/div>\n\t\t\t\t<div class=\"elementor-element elementor-element-541f643 elementor-widget elementor-widget-text-editor\" data-id=\"541f643\" data-element_type=\"widget\" data-e-type=\"widget\" data-widget_type=\"text-editor.default\">\n\t\t\t\t<div class=\"elementor-widget-container\">\n\t\t\t\t\t\t\t\t\t<p>Zugang zu tausenden Fitness-, Sport- und Wellnessangeboten.<\/p>\t\t\t\t\t\t\t\t<\/div>\n\t\t\t\t<\/div>\n\t\t\t\t<\/div>\n\t\t\t\t<\/div>\n\t\t\t\t\t<\/div>\n\t\t\t\t<\/div>\n\t\t<div class=\"elementor-element elementor-element-0794143 e-flex e-con-boxed e-con e-parent\" data-id=\"0794143\" data-element_type=\"container\" data-e-type=\"container\" data-settings=\"{&quot;background_background&quot;:&quot;classic&quot;}\">\n\t\t\t\t\t<div class=\"e-con-inner\">\n\t\t<div class=\"elementor-element elementor-element-0670d1b e-flex e-con-boxed e-con e-child\" data-id=\"0670d1b\" data-element_type=\"container\" data-e-type=\"container\">\n\t\t\t\t\t<div class=\"e-con-inner\">\n\t\t<div class=\"elementor-element elementor-element-71ec80e e-con-full e-flex e-con e-child\" data-id=\"71ec80e\" data-element_type=\"container\" data-e-type=\"container\">\n\t\t\t\t<div class=\"elementor-element elementor-element-6181262 elementor-widget elementor-widget-heading\" data-id=\"6181262\" data-element_type=\"widget\" data-e-type=\"widget\" data-widget_type=\"heading.default\">\n\t\t\t\t<div class=\"elementor-widget-container\">\n\t\t\t\t\t<h2 class=\"elementor-heading-title elementor-size-default\">Unsere <span class=\"blauer-text\">\noffenen Stellen<\/span><\/h2>\t\t\t\t<\/div>\n\t\t\t\t<\/div>\n\t\t\t\t<div class=\"elementor-element elementor-element-7e3a8ac elementor-widget elementor-widget-html\" data-id=\"7e3a8ac\" data-element_type=\"widget\" data-e-type=\"widget\" data-widget_type=\"html.default\">\n\t\t\t\t<div class=\"elementor-widget-container\">\n\t\t\t\t\t<iframe id=\"personio-iframe\" style=\"border: none;\" src=\"https:\/\/regpit-gmbh.jobs.personio.de\/\" width=\"100%\"  onload=\"window.top.scrollTo(0,0);\"><\/iframe>\r\n\r\n<script>\r\n  window.addEventListener('message', function(e) {\r\n    var iframe = document.querySelector('#personio-iframe');\r\n    var eventName = e.data[0];\r\n    var data = e.data[1];\r\n    switch(eventName) {\r\n      case 'setHeight':\r\n        iframe.style.height = data + 'px';\r\n        window.scrollTo({ top: 0, behavior: 'smooth' });\r\n        break;\r\n    }\r\n  }, false);\r\n<\/script>\t\t\t\t<\/div>\n\t\t\t\t<\/div>\n\t\t\t\t<\/div>\n\t\t\t\t\t<\/div>\n\t\t\t\t<\/div>\n\t\t\t\t\t<\/div>\n\t\t\t\t<\/div>\n\t\t<div class=\"elementor-element elementor-element-be10593 e-con-full e-grid e-con e-parent\" data-id=\"be10593\" data-element_type=\"container\" data-e-type=\"container\" data-settings=\"{&quot;background_background&quot;:&quot;classic&quot;}\">\n\t\t\t\t<div class=\"elementor-element elementor-element-f272476 elementor-widget-mobile__width-inherit elementor-widget elementor-widget-image\" data-id=\"f272476\" data-element_type=\"widget\" data-e-type=\"widget\" data-widget_type=\"image.default\">\n\t\t\t\t<div class=\"elementor-widget-container\">\n\t\t\t\t\t\t\t\t\t\t\t\t\t\t\t<img decoding=\"async\" width=\"800\" height=\"534\" src=\"https:\/\/rp.pleeg-staging.de\/wp-content\/uploads\/2025\/05\/240905-Regpit_9808B-1024x683.jpg\" class=\"attachment-large size-large wp-image-1038\" alt=\"- -\" srcset=\"https:\/\/rp.pleeg-staging.de\/wp-content\/uploads\/2025\/05\/240905-Regpit_9808B-1024x683.jpg 1024w, https:\/\/rp.pleeg-staging.de\/wp-content\/uploads\/2025\/05\/240905-Regpit_9808B-300x200.jpg 300w, https:\/\/rp.pleeg-staging.de\/wp-content\/uploads\/2025\/05\/240905-Regpit_9808B-768x512.jpg 768w, https:\/\/rp.pleeg-staging.de\/wp-content\/uploads\/2025\/05\/240905-Regpit_9808B-1536x1025.jpg 1536w, https:\/\/rp.pleeg-staging.de\/wp-content\/uploads\/2025\/05\/240905-Regpit_9808B-2048x1366.jpg 2048w\" sizes=\"(max-width: 800px) 100vw, 800px\">\t\t\t\t\t\t\t\t\t\t\t\t\t\t\t<\/div>\n\t\t\t\t<\/div>\n\t\t\t\t<div class=\"elementor-element elementor-element-771e232 elementor-widget elementor-widget-image\" data-id=\"771e232\" data-element_type=\"widget\" data-e-type=\"widget\" data-widget_type=\"image.default\">\n\t\t\t\t<div class=\"elementor-widget-container\">\n\t\t\t\t\t\t\t\t\t\t\t\t\t\t\t<img loading=\"lazy\" decoding=\"async\" width=\"800\" height=\"534\" src=\"https:\/\/rp.pleeg-staging.de\/wp-content\/uploads\/2025\/09\/Management-Gruppenbild-1024x683.jpg\" class=\"attachment-large size-large wp-image-5510\" alt=\"- -\" srcset=\"https:\/\/rp.pleeg-staging.de\/wp-content\/uploads\/2025\/09\/Management-Gruppenbild-1024x683.jpg 1024w, https:\/\/rp.pleeg-staging.de\/wp-content\/uploads\/2025\/09\/Management-Gruppenbild-300x200.jpg 300w, https:\/\/rp.pleeg-staging.de\/wp-content\/uploads\/2025\/09\/Management-Gruppenbild-768x512.jpg 768w, https:\/\/rp.pleeg-staging.de\/wp-content\/uploads\/2025\/09\/Management-Gruppenbild-1536x1025.jpg 1536w, https:\/\/rp.pleeg-staging.de\/wp-content\/uploads\/2025\/09\/Management-Gruppenbild-2048x1366.jpg 2048w\" sizes=\"(max-width: 800px) 100vw, 800px\">\t\t\t\t\t\t\t\t\t\t\t\t\t\t\t<\/div>\n\t\t\t\t<\/div>\n\t\t\t\t<div class=\"elementor-element elementor-element-7f5806d elementor-widget elementor-widget-image\" data-id=\"7f5806d\" data-element_type=\"widget\" data-e-type=\"widget\" data-widget_type=\"image.default\">\n\t\t\t\t<div class=\"elementor-widget-container\">\n\t\t\t\t\t\t\t\t\t\t\t\t\t\t\t<img loading=\"lazy\" decoding=\"async\" width=\"800\" height=\"534\" src=\"https:\/\/rp.pleeg-staging.de\/wp-content\/uploads\/2025\/06\/240905-Regpit_9857B-1-1024x683.jpg\" class=\"attachment-large size-large wp-image-2183\" alt=\"- -\" srcset=\"https:\/\/rp.pleeg-staging.de\/wp-content\/uploads\/2025\/06\/240905-Regpit_9857B-1-1024x683.jpg 1024w, https:\/\/rp.pleeg-staging.de\/wp-content\/uploads\/2025\/06\/240905-Regpit_9857B-1-300x200.jpg 300w, https:\/\/rp.pleeg-staging.de\/wp-content\/uploads\/2025\/06\/240905-Regpit_9857B-1-768x512.jpg 768w, https:\/\/rp.pleeg-staging.de\/wp-content\/uploads\/2025\/06\/240905-Regpit_9857B-1-1536x1025.jpg 1536w, https:\/\/rp.pleeg-staging.de\/wp-content\/uploads\/2025\/06\/240905-Regpit_9857B-1-2048x1366.jpg 2048w\" sizes=\"(max-width: 800px) 100vw, 800px\">\t\t\t\t\t\t\t\t\t\t\t\t\t\t\t<\/div>\n\t\t\t\t<\/div>\n\t\t\t\t<\/div>\n\t\t\t\t<\/div>\n\t\t","protected":false},"excerpt":{"rendered":"<p>Deine Karriere bei Regpit Wachse mit uns in einem dynamischen RegTech-Startup \u2013 mit Verantwortung, Flexibilit\u00e4t und echtem Impact. Bereit f\u00fcr eine Herausforderung? Wir gestalten die Zukunft der Geldw\u00e4schepr\u00e4vention! Regpit ist ein RegTech-Unternehmen mit klarer Mission: Unternehmen in Europa vor Kriminalit\u00e4t, Terrorfinanzierung und regulatorischen Risiken zu sch\u00fctzen. Unsere modulare All-in-One-Plattform vereint AML-Expertise mit innovativer Technologie \u2013 [&hellip;]<\/p>\n","protected":false},"author":2,"featured_media":0,"parent":0,"menu_order":0,"comment_status":"closed","ping_status":"closed","template":"","meta":{"_acf_changed":false,"inline_featured_image":false,"footnotes":""},"class_list":["post-583","page","type-page","status-publish","hentry"],"acf":[],"_links":{"self":[{"href":"https:\/\/rp.pleeg-staging.de\/eng\/wp-json\/wp\/v2\/pages\/583","targetHints":{"allow":["GET"]}}],"collection":[{"href":"https:\/\/rp.pleeg-staging.de\/eng\/wp-json\/wp\/v2\/pages"}],"about":[{"href":"https:\/\/rp.pleeg-staging.de\/eng\/wp-json\/wp\/v2\/types\/page"}],"author":[{"embeddable":true,"href":"https:\/\/rp.pleeg-staging.de\/eng\/wp-json\/wp\/v2\/users\/2"}],"replies":[{"embeddable":true,"href":"https:\/\/rp.pleeg-staging.de\/eng\/wp-json\/wp\/v2\/comments?post=583"}],"version-history":[{"count":40,"href":"https:\/\/rp.pleeg-staging.de\/eng\/wp-json\/wp\/v2\/pages\/583\/revisions"}],"predecessor-version":[{"id":5513,"href":"https:\/\/rp.pleeg-staging.de\/eng\/wp-json\/wp\/v2\/pages\/583\/revisions\/5513"}],"wp:attachment":[{"href":"https:\/\/rp.pleeg-staging.de\/eng\/wp-json\/wp\/v2\/media?parent=583"}],"curies":[{"name":"wp","href":"https:\/\/api.w.org\/{rel}","templated":true}]}}